{"id":2894,"date":"2026-04-23T09:13:31","date_gmt":"2026-04-23T09:13:31","guid":{"rendered":"https:\/\/bliv-klogere.dk\/?page_id=2894"},"modified":"2026-04-23T09:13:56","modified_gmt":"2026-04-23T09:13:56","slug":"8-grafisk-forstaelse","status":"publish","type":"page","link":"https:\/\/bliv-klogere.dk\/index.php\/8-grafisk-forstaelse\/","title":{"rendered":"8. Grafisk forst\u00e5else"},"content":{"rendered":"\n<p>Grafisk forst\u00e5else handler om at forst\u00e5, hvordan grafik arbejder. Dvs. hvordan former og farver spiller sammen.<\/p>\n\n\n\n<p>Her er et lille introduktionskursus best\u00e5ende af f\u00f8lgende videoer:<\/p>\n\n\n\n<ul class=\"wp-block-list\">\n<li>Typografier<\/li>\n\n\n\n<li>Farvel\u00e6re teori<\/li>\n\n\n\n<li>Farvel\u00e6re praksis <\/li>\n\n\n\n<li>Gestaltlovene<\/li>\n<\/ul>\n\n\n\n<p><strong>Typografier<\/strong><\/p>\n\n\n\n<figure class=\"wp-block-embed is-type-video is-provider-youtube wp-block-embed-youtube wp-embed-aspect-16-9 wp-has-aspect-ratio\"><div class=\"wp-block-embed__wrapper\">\n<iframe loading=\"lazy\" title=\"Typografier\" width=\"604\" height=\"340\" src=\"https:\/\/www.youtube.com\/embed\/_ukXb-fAfSI?feature=oembed\" frameborder=\"0\" allow=\"accelerometer; autoplay; clipboard-write; encrypted-media; gyroscope; picture-in-picture; web-share\" referrerpolicy=\"strict-origin-when-cross-origin\" allowfullscreen><\/iframe>\n<\/div><\/figure>\n\n\n\n<p><strong>Farvel\u00e6re teori<\/strong><\/p>\n\n\n\n<figure class=\"wp-block-embed is-type-video is-provider-youtube wp-block-embed-youtube wp-embed-aspect-16-9 wp-has-aspect-ratio\"><div class=\"wp-block-embed__wrapper\">\n<iframe loading=\"lazy\" title=\"Farvel\u00e6re teori\" width=\"604\" height=\"340\" src=\"https:\/\/www.youtube.com\/embed\/Dze4dbq6YlI?feature=oembed\" frameborder=\"0\" allow=\"accelerometer; autoplay; clipboard-write; encrypted-media; gyroscope; picture-in-picture; web-share\" referrerpolicy=\"strict-origin-when-cross-origin\" allowfullscreen><\/iframe>\n<\/div><\/figure>\n\n\n\n<p><strong>Farvel\u00e6re praksis<\/strong><\/p>\n\n\n\n<figure class=\"wp-block-embed is-type-video is-provider-youtube wp-block-embed-youtube wp-embed-aspect-16-9 wp-has-aspect-ratio\"><div class=\"wp-block-embed__wrapper\">\n<iframe loading=\"lazy\" title=\"Farvel\u00e6re praksis\" width=\"604\" height=\"340\" src=\"https:\/\/www.youtube.com\/embed\/xPAKFhmxrAw?feature=oembed\" frameborder=\"0\" allow=\"accelerometer; autoplay; clipboard-write; encrypted-media; gyroscope; picture-in-picture; web-share\" referrerpolicy=\"strict-origin-when-cross-origin\" allowfullscreen><\/iframe>\n<\/div><\/figure>\n\n\n\n<p><strong>Gestaltlovene<\/strong><\/p>\n\n\n\n<figure class=\"wp-block-embed is-type-video is-provider-youtube wp-block-embed-youtube wp-embed-aspect-16-9 wp-has-aspect-ratio\"><div class=\"wp-block-embed__wrapper\">\n<iframe loading=\"lazy\" title=\"Gestaltlove\" width=\"604\" height=\"340\" src=\"https:\/\/www.youtube.com\/embed\/cqUnQqGAZBM?feature=oembed\" frameborder=\"0\" allow=\"accelerometer; autoplay; clipboard-write; encrypted-media; gyroscope; picture-in-picture; web-share\" referrerpolicy=\"strict-origin-when-cross-origin\" allowfullscreen><\/iframe>\n<\/div><\/figure>\n","protected":false},"excerpt":{"rendered":"<p>Grafisk forst\u00e5else handler om at forst\u00e5, hvordan grafik arbejder. Dvs. hvordan former og farver spiller sammen. Her er et lille introduktionskursus best\u00e5ende af f\u00f8lgende videoer: Typografier Farvel\u00e6re teori Farvel\u00e6re praksis Gestaltlovene<\/p>\n","protected":false},"author":1,"featured_media":0,"parent":0,"menu_order":0,"comment_status":"closed","ping_status":"closed","template":"","meta":{"footnotes":""},"class_list":["post-2894","page","type-page","status-publish","hentry"],"_links":{"self":[{"href":"https:\/\/bliv-klogere.dk\/index.php\/wp-json\/wp\/v2\/pages\/2894","targetHints":{"allow":["GET"]}}],"collection":[{"href":"https:\/\/bliv-klogere.dk\/index.php\/wp-json\/wp\/v2\/pages"}],"about":[{"href":"https:\/\/bliv-klogere.dk\/index.php\/wp-json\/wp\/v2\/types\/page"}],"author":[{"embeddable":true,"href":"https:\/\/bliv-klogere.dk\/index.php\/wp-json\/wp\/v2\/users\/1"}],"replies":[{"embeddable":true,"href":"https:\/\/bliv-klogere.dk\/index.php\/wp-json\/wp\/v2\/comments?post=2894"}],"version-history":[{"count":1,"href":"https:\/\/bliv-klogere.dk\/index.php\/wp-json\/wp\/v2\/pages\/2894\/revisions"}],"predecessor-version":[{"id":2895,"href":"https:\/\/bliv-klogere.dk\/index.php\/wp-json\/wp\/v2\/pages\/2894\/revisions\/2895"}],"wp:attachment":[{"href":"https:\/\/bliv-klogere.dk\/index.php\/wp-json\/wp\/v2\/media?parent=2894"}],"curies":[{"name":"wp","href":"https:\/\/api.w.org\/{rel}","templated":true}]}}