{"id":3027,"date":"2026-04-29T08:58:09","date_gmt":"2026-04-29T08:58:09","guid":{"rendered":"https:\/\/bliv-klogere.dk\/?page_id=3027"},"modified":"2026-04-29T09:31:42","modified_gmt":"2026-04-29T09:31:42","slug":"6-kompensatoriske-vaerktojer","status":"publish","type":"page","link":"https:\/\/bliv-klogere.dk\/index.php\/6-kompensatoriske-vaerktojer\/","title":{"rendered":"6. Kompensatoriske v\u00e6rkt\u00f8jer"},"content":{"rendered":"\n<div id=\"ez-toc-container\" class=\"ez-toc-v2_0_82_2 counter-hierarchy ez-toc-counter ez-toc-grey ez-toc-container-direction\">\n<div class=\"ez-toc-title-container\">\n<p class=\"ez-toc-title\" style=\"cursor:inherit\">Indholdsfortegnelse<\/p>\n<span class=\"ez-toc-title-toggle\"><a href=\"#\" class=\"ez-toc-pull-right ez-toc-btn ez-toc-btn-xs ez-toc-btn-default ez-toc-toggle\" aria-label=\"Toggle Table of Content\"><span class=\"ez-toc-js-icon-con\"><span class=\"\"><span class=\"eztoc-hide\" style=\"display:none;\">Toggle<\/span><span class=\"ez-toc-icon-toggle-span\"><svg style=\"fill: #999;color:#999\" xmlns=\"http:\/\/www.w3.org\/2000\/svg\" class=\"list-377408\" width=\"20px\" height=\"20px\" viewBox=\"0 0 24 24\" fill=\"none\"><path d=\"M6 6H4v2h2V6zm14 0H8v2h12V6zM4 11h2v2H4v-2zm16 0H8v2h12v-2zM4 16h2v2H4v-2zm16 0H8v2h12v-2z\" fill=\"currentColor\"><\/path><\/svg><svg style=\"fill: #999;color:#999\" class=\"arrow-unsorted-368013\" xmlns=\"http:\/\/www.w3.org\/2000\/svg\" width=\"10px\" height=\"10px\" viewBox=\"0 0 24 24\" version=\"1.2\" baseProfile=\"tiny\"><path d=\"M18.2 9.3l-6.2-6.3-6.2 6.3c-.2.2-.3.4-.3.7s.1.5.3.7c.2.2.4.3.7.3h11c.3 0 .5-.1.7-.3.2-.2.3-.5.3-.7s-.1-.5-.3-.7zM5.8 14.7l6.2 6.3 6.2-6.3c.2-.2.3-.5.3-.7s-.1-.5-.3-.7c-.2-.2-.4-.3-.7-.3h-11c-.3 0-.5.1-.7.3-.2.2-.3.5-.3.7s.1.5.3.7z\"\/><\/svg><\/span><\/span><\/span><\/a><\/span><\/div>\n<nav><ul class='ez-toc-list ez-toc-list-level-1 ' ><li class='ez-toc-page-1 ez-toc-heading-level-2'><a class=\"ez-toc-link ez-toc-heading-1\" href=\"https:\/\/bliv-klogere.dk\/index.php\/6-kompensatoriske-vaerktojer\/#1_Overblik_Hvad_er_et_kompensatorisk_vaerktoj\" >1. Overblik. Hvad er et kompensatorisk v\u00e6rkt\u00f8j?<\/a><ul class='ez-toc-list-level-4' ><li class='ez-toc-heading-level-4'><ul class='ez-toc-list-level-4' ><li class='ez-toc-heading-level-4'><a class=\"ez-toc-link ez-toc-heading-2\" href=\"https:\/\/bliv-klogere.dk\/index.php\/6-kompensatoriske-vaerktojer\/#11_Eksempler_fra_produktion\" >1.1 Eksempler fra produktion<\/a><\/li><\/ul><\/li><li class='ez-toc-page-1 ez-toc-heading-level-3'><a class=\"ez-toc-link ez-toc-heading-3\" href=\"https:\/\/bliv-klogere.dk\/index.php\/6-kompensatoriske-vaerktojer\/#Opgave_1_Diskussion\" >Opgave 1. Diskussion<\/a><ul class='ez-toc-list-level-4' ><li class='ez-toc-heading-level-4'><a class=\"ez-toc-link ez-toc-heading-4\" href=\"https:\/\/bliv-klogere.dk\/index.php\/6-kompensatoriske-vaerktojer\/#Opgave_2_Google_Lens_og_billeder\" >Opgave 2. Google Lens og billeder<\/a><\/li><li class='ez-toc-page-1 ez-toc-heading-level-4'><a class=\"ez-toc-link ez-toc-heading-5\" href=\"https:\/\/bliv-klogere.dk\/index.php\/6-kompensatoriske-vaerktojer\/#Opgave_3_Google_Lens_2_Thailand\" >Opgave 3. Google Lens 2. Thailand<\/a><\/li><\/ul><\/li><\/ul><\/li><\/ul><\/nav><\/div>\n<h2 class=\"wp-block-heading\"><span class=\"ez-toc-section\" id=\"1_Overblik_Hvad_er_et_kompensatorisk_vaerktoj\"><\/span>1. Overblik. Hvad er et kompensatorisk v\u00e6rkt\u00f8j?<span class=\"ez-toc-section-end\"><\/span><\/h2>\n\n\n\n<p>Et kompensatorisk v\u00e6rkt\u00f8j inden for IT er et digitalt hj\u00e6lpemiddel, der hj\u00e6lper en person med at kompensere for en udfordring,  fx l\u00e6se-, skrive- eller koncentrationsvanskeligheder. Det kan ogs\u00e5 v\u00e6re hj\u00e6lpev\u00e6rkt\u00f8jer til folk med handicaps, f.eks. ordblinde, blinde eller d\u00f8ve. Man beh\u00f8ves ikke at v\u00e6re handicappet for at f\u00e5 gavn af et kompensatorisk v\u00e6rkt\u00f8j, det kan f.eks. ogs\u00e5 bruges til overs\u00e6ttelse af sprog.<\/p>\n\n\n\n<p>Med andre ord: Et kompensatorisk v\u00e6rkt\u00f8j g\u00f8r det lettere at klare opgaver, som ellers er sv\u00e6re.<\/p>\n\n\n\n<p><strong>Eksempler p\u00e5 omr\u00e5der, hvor der bruges kompensatoriske v\u00e6rkt\u00f8jer<\/strong><\/p>\n\n\n\n<ul class=\"wp-block-list\">\n<li>l\u00e6sning herunder ordblindhed<\/li>\n\n\n\n<li>skrivning<\/li>\n\n\n\n<li>stavning<\/li>\n\n\n\n<li>forst\u00e5else<\/li>\n\n\n\n<li>struktur i hverdagen<\/li>\n\n\n\n<li>overs\u00e6ttelse<\/li>\n<\/ul>\n\n\n\n<p>Eksempler p\u00e5 v\u00e6rkt\u00f8jer<\/p>\n\n\n\n<figure class=\"wp-block-table\"><table class=\"has-fixed-layout\"><tbody><tr><td><strong>Emne<\/strong><\/td><td><strong>Forklaring<\/strong><\/td><td><strong>Eksempel<\/strong><\/td><\/tr><tr><td>Opl\u00e6sning (tekst \u2192 lyd)<\/td><td>Programmer der l\u00e6ser tekst h\u00f8jt. hj\u00e6lper personer med l\u00e6sevanskeligheder<\/td><td>&#8211; IntoWords<br>&#8211; AppWriter<\/td><\/tr><tr><td>Ordforslag og stavehj\u00e6lp<br><\/td><td>Programmet foresl\u00e5r ord, mens du skrive, det hj\u00e6lper med stavning<\/td><td>&#8211; Mange tekstbehandlingssytemer som f.eks. Word har det<br>&#8211; Meget udbredt<\/td><\/tr><tr><td>Tale-til-tekst<\/td><td>Du taler, og computeren skriver- Godt hvis man har sv\u00e6rt ved at skrive<\/td><td>&#8211; Google Voice Typing, Microsoft Office, diktafon p\u00e5 mobilen<\/td><\/tr><tr><td>Scanning og OCR (OCR = optisk tekstgenkendelse)<\/td><td>Kan scanne en tekst fra et billede og &#8220;overs\u00e6tte&#8221; det til ord. Kan herefter l\u00e6ses op<\/td><td>&#8211; Scanninsv\u00e6rkt\u00f8jer, is\u00e6r p\u00e5 mobilen<br>&#8211; Google lens<\/td><\/tr><tr><td>Forst\u00f8rrelse af tekst<\/td><td>Forst\u00f8rrer teksten op, s\u00e5 den er nemmere at l\u00e6se<\/td><td>&#8211; Ctrl + og ctrl -, men mange m\u00e5der at g\u00f8re det p\u00e5<\/td><\/tr><tr><td>Struktur og planl\u00e6gning<\/td><td>M\u00e5ske en tilsnigelse at kalde det kompensatorisk, men mange rodehoveder har stor gavn af kalendre mv.<\/td><td>&#8211; F.eks. Microsoft Outlook og postprogrammer med kalendre generelt<\/td><\/tr><\/tbody><\/table><\/figure>\n\n\n\n<h4 class=\"wp-block-heading\"><span class=\"ez-toc-section\" id=\"11_Eksempler_fra_produktion\"><\/span>1.1 Eksempler fra produktion<span class=\"ez-toc-section-end\"><\/span><\/h4>\n\n\n\n<p><strong>Opl\u00e6sning<\/strong><\/p>\n\n\n\n<ul class=\"wp-block-list\">\n<li>En medarbejder f\u00e5r en arbejdsbeskrivelse p\u00e5 engelsk: Computeren l\u00e6ser teksten h\u00f8jt<\/li>\n<\/ul>\n\n\n\n<p><strong>Stavehj\u00e6lp<\/strong><\/p>\n\n\n\n<ul class=\"wp-block-list\">\n<li>En medarbejder skriver en besked til en kollega: Programmet hj\u00e6lper med at stave rigtigt<\/li>\n<\/ul>\n\n\n\n<p><strong>Tale-til-tekst<\/strong><\/p>\n\n\n\n<ul class=\"wp-block-list\">\n<li>En medarbejder siger en besked: Telefonen skriver det som tekst<\/li>\n<\/ul>\n\n\n\n<p><strong>Scan tekst<\/strong><\/p>\n\n\n\n<ul class=\"wp-block-list\">\n<li>En medarbejder tager billede af en instruktion: Teksten bliver l\u00e6st op<\/li>\n<\/ul>\n\n\n\n<p><strong>Plan og overblik<\/strong><\/p>\n\n\n\n<ul class=\"wp-block-list\">\n<li>En medarbejder bruger en app til opgave. F\u00e5r p\u00e5mindelser om pauser og opgaver<\/li>\n<\/ul>\n\n\n\n<h3 class=\"wp-block-heading\"><span class=\"ez-toc-section\" id=\"Opgave_1_Diskussion\"><\/span>Opgave 1. Diskussion<span class=\"ez-toc-section-end\"><\/span><\/h3>\n\n\n\n<ul class=\"wp-block-list\">\n<li>Kender du kompensatoriske v\u00e6rkt\u00f8jer<\/li>\n\n\n\n<li>Har du brugt kompensatoriske v\u00e6rkt\u00f8jer og hvis ja, i hvilke situationer<\/li>\n\n\n\n<li>Kunne du forestille dig at bruge kompensatoriske v\u00e6rkt\u00f8jer og hvis ja, til hvad. Brug gerne din fantasti :-).<\/li>\n<\/ul>\n\n\n\n<h4 class=\"wp-block-heading\"><span class=\"ez-toc-section\" id=\"Opgave_2_Google_Lens_og_billeder\"><\/span>Opgave 2. Google Lens og billeder<span class=\"ez-toc-section-end\"><\/span><\/h4>\n\n\n\n<p>Installer Google Lens p\u00e5 din mobil.<\/p>\n\n\n\n<p>F\u00e5 Google Lens til at fort\u00e6lle om billedet her:<\/p>\n\n\n\n<figure class=\"wp-block-image size-full\"><img loading=\"lazy\" decoding=\"async\" width=\"794\" height=\"951\" src=\"https:\/\/bliv-klogere.dk\/wp-content\/uploads\/2026\/04\/image-89.png\" alt=\"\" class=\"wp-image-3034\" srcset=\"https:\/\/bliv-klogere.dk\/wp-content\/uploads\/2026\/04\/image-89.png 794w, https:\/\/bliv-klogere.dk\/wp-content\/uploads\/2026\/04\/image-89-250x300.png 250w, https:\/\/bliv-klogere.dk\/wp-content\/uploads\/2026\/04\/image-89-768x920.png 768w\" sizes=\"auto, (max-width: 794px) 100vw, 794px\" \/><\/figure>\n\n\n\n<h4 class=\"wp-block-heading\"><span class=\"ez-toc-section\" id=\"Opgave_3_Google_Lens_2_Thailand\"><\/span>Opgave 3. Google Lens 2. Thailand<span class=\"ez-toc-section-end\"><\/span><\/h4>\n\n\n\n<p>Du er i Thailand. Brug Google Lens til at overs\u00e6tte teksten her:<\/p>\n\n\n\n<p>\u0e1a\u0e49\u0e32\u0e19\u0e41\u0e25\u0e30\u0e2d\u0e32\u0e04\u0e32\u0e23\u0e2b\u0e25\u0e32\u0e22\u0e41\u0e2b\u0e48\u0e07\u0e02\u0e2d\u0e07\u0e40\u0e23\u0e32\u0e21\u0e35\u0e28\u0e32\u0e25\u0e40\u0e08\u0e49\u0e32\u0e2b\u0e23\u0e37\u0e2d\u0e2d\u0e32\u0e08\u0e08\u0e30\u0e21\u0e35\u0e2a\u0e2d\u0e07\u0e28\u0e32\u0e25\u0e40\u0e08\u0e49\u0e32 \u0e40\u0e1e\u0e23\u0e32\u0e30\u0e2a\u0e48\u0e27\u0e19\u0e43\u0e2b\u0e0d\u0e48\u0e08\u0e30\u0e40\u0e1b\u0e47\u0e19\u0e1a\u0e49\u0e32\u0e19\u0e2b\u0e25\u0e31\u0e07\u0e40\u0e25\u0e47\u0e01\u0e46 \u0e2a\u0e2d\u0e07\u0e2b\u0e25\u0e31\u0e07\u0e17\u0e35\u0e48\u0e43\u0e2b\u0e49\u0e27\u0e34\u0e0d\u0e0d\u0e32\u0e13\u0e1b\u0e23\u0e30\u0e08\u0e33\u0e16\u0e34\u0e48\u0e19\u0e2d\u0e32\u0e28\u0e31\u0e22\u0e2d\u0e22\u0e39\u0e48 \u0e21\u0e35\u0e27\u0e34\u0e0d\u0e0d\u0e32\u0e13\u0e2b\u0e25\u0e32\u0e22\u0e2d\u0e07\u0e04\u0e4c\u0e2d\u0e22\u0e39\u0e48\u0e17\u0e38\u0e01\u0e2b\u0e19\u0e17\u0e38\u0e01\u0e41\u0e2b\u0e48\u0e07 \u0e41\u0e15\u0e48\u0e17\u0e35\u0e48\u0e2a\u0e33\u0e04\u0e31\u0e0d\u0e17\u0e35\u0e48\u0e2a\u0e38\u0e14\u0e2a\u0e2d\u0e07\u0e2d\u0e07\u0e04\u0e4c\u0e04\u0e37\u0e2d \u0e40\u0e17\u0e1e\u0e1c\u0e39\u0e49\u0e1e\u0e34\u0e17\u0e31\u0e01\u0e29\u0e4c\u0e1a\u0e49\u0e32\u0e19\u0e41\u0e25\u0e30\u0e40\u0e17\u0e1e\u0e1c\u0e39\u0e49\u0e1e\u0e34\u0e17\u0e31\u0e01\u0e29\u0e4c\u0e2a\u0e27\u0e19 \u0e41\u0e25\u0e30\u0e28\u0e32\u0e25\u0e40\u0e08\u0e49\u0e32\u0e40\u0e25\u0e47\u0e01\u0e46 \u0e40\u0e2b\u0e25\u0e48\u0e32\u0e19\u0e35\u0e49\u0e2a\u0e23\u0e49\u0e32\u0e07\u0e02\u0e36\u0e49\u0e19\u0e40\u0e1e\u0e37\u0e48\u0e2d\u0e40\u0e17\u0e1e\u0e17\u0e31\u0e49\u0e07\u0e2a\u0e2d\u0e07\u0e19\u0e35\u0e49 \u0e41\u0e19\u0e27\u0e04\u0e34\u0e14\u0e01\u0e47\u0e04\u0e37\u0e2d \u0e27\u0e34\u0e0d\u0e0d\u0e32\u0e13\u0e08\u0e30\u0e44\u0e14\u0e49\u0e21\u0e32\u0e2d\u0e32\u0e28\u0e31\u0e22\u0e2d\u0e22\u0e39\u0e48\u0e43\u0e19\u0e28\u0e32\u0e25\u0e40\u0e08\u0e49\u0e32\u0e41\u0e17\u0e19\u0e17\u0e35\u0e48\u0e08\u0e30\u0e21\u0e32\u0e23\u0e1a\u0e01\u0e27\u0e19\u0e1e\u0e27\u0e01\u0e40\u0e23\u0e32\u0e17\u0e35\u0e48\u0e2d\u0e32\u0e28\u0e31\u0e22\u0e2d\u0e22\u0e39\u0e48\u0e43\u0e19\u0e1a\u0e49\u0e32\u0e19\u0e41\u0e25\u0e30\u0e2d\u0e32\u0e04\u0e32\u0e23\u0e08\u0e23\u0e34\u0e07\u0e46 \u0e28\u0e32\u0e25\u0e40\u0e08\u0e49\u0e32\u0e2d\u0e32\u0e08\u0e08\u0e30\u0e2a\u0e27\u0e22\u0e07\u0e32\u0e21\u0e41\u0e25\u0e30\u0e2b\u0e23\u0e39\u0e2b\u0e23\u0e32\u0e2d\u0e22\u0e48\u0e32\u0e07\u0e43\u0e19\u0e20\u0e32\u0e1e\u0e14\u0e49\u0e32\u0e19\u0e1a\u0e19 \u0e41\u0e15\u0e48\u0e01\u0e47\u0e2d\u0e32\u0e08\u0e08\u0e30\u0e40\u0e23\u0e35\u0e22\u0e1a\u0e07\u0e48\u0e32\u0e22\u0e01\u0e47\u0e44\u0e14\u0e49 \u0e40\u0e23\u0e32\u0e08\u0e38\u0e14\u0e18\u0e39\u0e1b\u0e41\u0e25\u0e30\u0e16\u0e27\u0e32\u0e22\u0e02\u0e2d\u0e07\u0e02\u0e27\u0e31\u0e0d\u0e40\u0e25\u0e47\u0e01\u0e46 \u0e19\u0e49\u0e2d\u0e22\u0e46 \u0e40\u0e0a\u0e48\u0e19 \u0e14\u0e2d\u0e01\u0e44\u0e21\u0e49<\/p>\n\n\n\n<figure class=\"wp-block-image size-full\"><img loading=\"lazy\" decoding=\"async\" width=\"660\" height=\"440\" src=\"https:\/\/bliv-klogere.dk\/wp-content\/uploads\/2026\/04\/image-90.png\" alt=\"\" class=\"wp-image-3035\" srcset=\"https:\/\/bliv-klogere.dk\/wp-content\/uploads\/2026\/04\/image-90.png 660w, https:\/\/bliv-klogere.dk\/wp-content\/uploads\/2026\/04\/image-90-300x200.png 300w\" sizes=\"auto, (max-width: 660px) 100vw, 660px\" \/><\/figure>\n\n\n\n<p><\/p>\n","protected":false},"excerpt":{"rendered":"<p>1. Overblik. Hvad er et kompensatorisk v\u00e6rkt\u00f8j? Et kompensatorisk v\u00e6rkt\u00f8j inden for IT er et digitalt hj\u00e6lpemiddel, der hj\u00e6lper en person med at kompensere for en udfordring, fx l\u00e6se-, skrive- eller koncentrationsvanskeligheder. Det kan ogs\u00e5 v\u00e6re hj\u00e6lpev\u00e6rkt\u00f8jer til folk med handicaps, f.eks. ordblinde, blinde eller d\u00f8ve. Man beh\u00f8ves ikke at v\u00e6re handicappet for at f\u00e5 &hellip; <a href=\"https:\/\/bliv-klogere.dk\/index.php\/6-kompensatoriske-vaerktojer\/\" class=\"more-link\">Continue reading <span class=\"screen-reader-text\">6. Kompensatoriske v\u00e6rkt\u00f8jer<\/span> <span class=\"meta-nav\">&rarr;<\/span><\/a><\/p>\n","protected":false},"author":1,"featured_media":0,"parent":0,"menu_order":0,"comment_status":"closed","ping_status":"closed","template":"","meta":{"footnotes":""},"class_list":["post-3027","page","type-page","status-publish","hentry"],"_links":{"self":[{"href":"https:\/\/bliv-klogere.dk\/index.php\/wp-json\/wp\/v2\/pages\/3027","targetHints":{"allow":["GET"]}}],"collection":[{"href":"https:\/\/bliv-klogere.dk\/index.php\/wp-json\/wp\/v2\/pages"}],"about":[{"href":"https:\/\/bliv-klogere.dk\/index.php\/wp-json\/wp\/v2\/types\/page"}],"author":[{"embeddable":true,"href":"https:\/\/bliv-klogere.dk\/index.php\/wp-json\/wp\/v2\/users\/1"}],"replies":[{"embeddable":true,"href":"https:\/\/bliv-klogere.dk\/index.php\/wp-json\/wp\/v2\/comments?post=3027"}],"version-history":[{"count":4,"href":"https:\/\/bliv-klogere.dk\/index.php\/wp-json\/wp\/v2\/pages\/3027\/revisions"}],"predecessor-version":[{"id":3036,"href":"https:\/\/bliv-klogere.dk\/index.php\/wp-json\/wp\/v2\/pages\/3027\/revisions\/3036"}],"wp:attachment":[{"href":"https:\/\/bliv-klogere.dk\/index.php\/wp-json\/wp\/v2\/media?parent=3027"}],"curies":[{"name":"wp","href":"https:\/\/api.w.org\/{rel}","templated":true}]}}